{"id":519,"date":"2022-08-23T15:42:13","date_gmt":"2022-08-23T06:42:13","guid":{"rendered":"https:\/\/creation-as-dialogue.jp\/wp\/?page_id=519"},"modified":"2022-11-08T17:13:57","modified_gmt":"2022-11-08T08:13:57","slug":"location","status":"publish","type":"page","link":"https:\/\/creation-as-dialogue.jp\/fr\/location\/","title":{"rendered":"LOCATION"},"content":{"rendered":"\n<h2 class=\"wp-block-heading\">NAGOYA<\/h2>\n\n\n\n<h3 class=\"wp-block-heading\">Nagoya, Informations de base.<\/h3>\n\n\n\n<p>Avec plus de 2,3 millions d\u2019habitants, Nagoya est la quatri\u00e8me ville et la troisi\u00e8me agglom\u00e9ration du Japon. Sa partie centrale est \u00e0 la fois un lieu porteur d\u2019une riche histoire, un bassin manufacturier et un important n\u0153ud de communication.&nbsp;<\/p>\n\n\n\n<p>Mer, montagnes, champs et rivi\u00e8res entourent la ville, con\u00e7ue et fortifi\u00e9e par le shogun Ieyasu Tokugawa au d\u00e9but du XVIIe si\u00e8cle. La vaste et fertile plaine de N\u014dbi avoisinante \u00e9tait notamment id\u00e9ale pour la culture du riz, tandis que la mer situ\u00e9e au sud regorgeait de ressources halieutiques et offrait, combin\u00e9e au r\u00e9seau fluvial local, de nombreuses opportunit\u00e9s de transport et de n\u00e9goce. La profusion de bois de qualit\u00e9 &#8211; issus des for\u00eats de moyenne montagne &#8211; mais aussi d\u2019argile et de pierres, en fit un centre n\u00e9vralgique au cours de l\u2019\u00e9poque Sengoku. D\u2019abord bastion du clan f\u00e9odal Oda, Nagoya fut ensuite un site crucial pour le clan shogunal Tokugawa, qui domina l\u2019archipel pendant les 260 ann\u00e9es de l\u2019\u00e9poque d\u2019Edo.&nbsp;<\/p>\n\n\n\n<p>Avec la construction du ch\u00e2teau de Nagoya, de nombreux artisans talentueux vinrent des quatre coins de l\u2019archipel, et plusieurs activit\u00e9s traditionnelles virent le jour. Les marionnettes m\u00e9caniques en bois (<em>Karakuri ningy\u014d<\/em>), automates assimilables aux pr\u00e9curseurs des robots, furent ainsi d\u00e9velopp\u00e9es \u00e0 Nagoya au d\u00e9but du XVIIe si\u00e8cle. Initialement utilis\u00e9es pour les chars de festivals traditionnels de la r\u00e9gion, ainsi que comme divertissement pour les nantis, leur m\u00e9canisation artisanale a ouvert la voie \u00e0 l&rsquo;automatisation des m\u00e9tiers \u00e0 tisser, qui a ensuite influenc\u00e9 la technologie des cha\u00eenes de production automobile, et ainsi favoris\u00e9 l\u2019essor industriel de Nagoya. L\u2019innovation a de tout temps \u00e9t\u00e9 inscrite dans les g\u00e8nes de la ville, lui assurant un r\u00f4le de leader technologique au sein de l\u2019archipel. Enfin la ville est un site majeur de production de c\u00e9ramiques depuis plus d\u2019un mill\u00e9naire, ainsi qu\u2019un centre renomm\u00e9 d\u2019industrie textile.&nbsp;<\/p>\n\n\n\n<div class=\"block__movie\">\n<div class=\"movie__img\">\n<a href=\"#modaal\" class=\"modaal\"><img decoding=\"async\" src=\"http:\/\/img.youtube.com\/vi\/P08uzWWtvwo\/maxresdefault.jpg\" alt=\"\"><\/a>\n<\/div>\n<div class=\"modaal-contents\" id=\"modaal\">\n<iframe loading=\"lazy\" width=\"560\" height=\"315\" src=\"https:\/\/www.youtube.com\/embed\/P08uzWWtvwo\" title=\"YouTube video player\" frameborder=\"0\" allow=\"accelerometer; autoplay; clipboard-write; encrypted-media; gyroscope; picture-in-picture\" allowfullscreen=\"\"><\/iframe>\n<\/div>\n<\/div>\n\n\n\n<h3 class=\"wp-block-heading\">HISTOIRE ET CULTURE<\/h3>\n\n\n\n<p>Nagoya est une ville charg\u00e9e d\u2019histoire. Son sanctuaire Atsuta, fond\u00e9 il y a plus de 19 si\u00e8cles, renferme notamment la l\u00e9gendaire \u00e9p\u00e9e <em>Kusanagi no tsurugi<\/em>, l&rsquo;un des trois tr\u00e9sors sacr\u00e9s imp\u00e9riaux. C\u2019est \u00e9galement le lieu de naissance de Minamoto no Yoritomo, premier shogun de l\u2019\u00e9poque Kamakura, ainsi que de Nobunaga Oda, Hideyoshi Toyotomi et Ieyasu Tokugawa, les trois artisans de l\u2019unification du Japon au XVIIe si\u00e8cle, sans oublier plusieurs samoura\u00efs c\u00e9l\u00e8bres ayant ult\u00e9rieurement jet\u00e9 les fondations du Japon moderne. Centre n\u00e9vralgique lors de l\u2019\u00e9poque Sengoku, Nagoya fut \u00e9galement le th\u00e9\u00e2tre de nombreux combats f\u00e9odaux ayant marqu\u00e9 l\u2019histoire de l\u2019archipel.&nbsp;<\/p>\n\n\n\n<p>Le ch\u00e2teau de Nagoya, qui poss\u00e8de l\u2019un des donjons les plus imposants du Japon et compte parmi les plus beaux int\u00e9rieurs des ch\u00e2teaux de l\u2019archipel, fut \u00e9rig\u00e9 en 1612 sous l\u2019impulsion d\u2019Ieyasu Tokugawa. Premier ch\u00e2teau \u00e0 \u00eatre inscrit sur la liste des tr\u00e9sors nationaux, il fut d\u00e9truit par les bombardements a\u00e9riens de la Seconde Guerre mondiale. La ville accueille \u00e9galement le majestueux mus\u00e9e d&rsquo;art Tokugawa, qui abrite l\u2019une des plus belles collections au monde d\u2019armures f\u00e9odales, de sabres, de meubles laqu\u00e9s, d\u2019habits d\u2019\u00e9poque, ou encore d\u2019ustentiles d\u00e9di\u00e9s \u00e0 la c\u00e9r\u00e9monie du th\u00e9.&nbsp;<\/p>\n\n\n\n<h3 class=\"wp-block-heading\">ACC\u00c8S<\/h3>\n\n\n\n<p>En tant que ville centrale de l\u2019archipel, Nagoya s\u2019est tr\u00e8s t\u00f4t impos\u00e9e comme un n\u0153ud de communication majeur. Ses infrastructures terrestres, maritimes et a\u00e9riennes favorisent le transport et les \u00e9changes, et en font une base id\u00e9ale pour les affaires et le tourisme. Desservie par plusieurs autoroutes majeures, ainsi que par des lignes ferroviaires \u00e0 grande vitesse, elle devrait voir en 2027 la mise en service d\u2019une nouvelle ligne \u00e0 tr\u00e8s haute vitesse (Shinkansen Rinia Ch\u016b\u014d) pour train \u00e0 sustentation magn\u00e9tique, permettant de relier Nagoya et Tokyo en 40 minutes. L\u2019a\u00e9roport de Nagoya, bas\u00e9 \u00e0 Komaki, est \u00e0 35 minutes de route vers le nord, tandis que l\u2019a\u00e9roport international du Ch\u016bbu est lui au sud de Nagoya, \u00e0 30 minutes en train du centre-ville. Enfin, Nagoya poss\u00e8de la plus grande et la plus active infrastructure portuaire de l\u2019archipel, avec un trafic annuel de marchandises de plus de 197 millions de tonnes, connect\u00e9e \u00e0 170 autres pays du globe.\u00a0<\/p>\n\n\n\n<div class=\"block__map\">\n<iframe src=\"https:\/\/www.google.com\/maps\/embed?pb=!1m18!1m12!1m3!1d208792.40332848238!2d136.92631095!3d35.147110149999996!2m3!1f0!2f0!3f0!3m2!1i1024!2i768!4f13.1!3m3!1m2!1s0x6003709e107b2365%3A0x2a9622d4e8ceb352!2z5oSb55-l55yM5ZCN5Y-k5bGL5biC!5e0!3m2!1sja!2sjp!4v1661056898325!5m2!1sja!2sjp\" width=\"600\" height=\"450\" style=\"border:0;\" allowfullscreen=\"\" loading=\"lazy\" referrerpolicy=\"no-referrer-when-downgrade\"><\/iframe>\n<\/div>\n","protected":false},"excerpt":{"rendered":"<p>NAGOYA Nagoya, Informations de base. Avec plus de 2,3 millions d\u2019habitants, Nagoya est la quatri\u00e8me ville et la troisi\u00e8me agglom\u00e9ration du Japon. Sa partie centrale est \u00e0 la fois un lieu porteur d\u2019une riche histoire, un bassin manufacturier et un important n\u0153ud de communication.&nbsp; Mer, montagnes, champs et rivi\u00e8res entourent la ville, con\u00e7ue et fortifi\u00e9e par le shogun Ieyasu Tokugawa au d\u00e9but du XVIIe si\u00e8cle. La vaste et fertile plaine de N\u014dbi avoisinante \u00e9tait notamment id\u00e9ale pour la culture du riz, tandis que la mer situ\u00e9e au sud regorgeait de ressources halieutiques et offrait, combin\u00e9e au r\u00e9seau fluvial local, de nombreuses opportunit\u00e9s de transport et de n\u00e9goce. La profusion de [&hellip;]<\/p>\n","protected":false},"author":2,"featured_media":0,"parent":0,"menu_order":6,"comment_status":"closed","ping_status":"closed","template":"","meta":{"_locale":"fr_FR","_original_post":"https:\/\/creation-as-dialogue.jp\/wp\/?page_id=10","footnotes":""},"class_list":["post-519","page","type-page","status-publish","hentry","fr-FR"],"acf":[],"_links":{"self":[{"href":"https:\/\/creation-as-dialogue.jp\/wp-json\/wp\/v2\/pages\/519","targetHints":{"allow":["GET"]}}],"collection":[{"href":"https:\/\/creation-as-dialogue.jp\/wp-json\/wp\/v2\/pages"}],"about":[{"href":"https:\/\/creation-as-dialogue.jp\/wp-json\/wp\/v2\/types\/page"}],"author":[{"embeddable":true,"href":"https:\/\/creation-as-dialogue.jp\/wp-json\/wp\/v2\/users\/2"}],"replies":[{"embeddable":true,"href":"https:\/\/creation-as-dialogue.jp\/wp-json\/wp\/v2\/comments?post=519"}],"version-history":[{"count":7,"href":"https:\/\/creation-as-dialogue.jp\/wp-json\/wp\/v2\/pages\/519\/revisions"}],"predecessor-version":[{"id":806,"href":"https:\/\/creation-as-dialogue.jp\/wp-json\/wp\/v2\/pages\/519\/revisions\/806"}],"wp:attachment":[{"href":"https:\/\/creation-as-dialogue.jp\/wp-json\/wp\/v2\/media?parent=519"}],"curies":[{"name":"wp","href":"https:\/\/api.w.org\/{rel}","templated":true}]}}