{"id":538,"date":"2022-08-25T17:36:12","date_gmt":"2022-08-25T08:36:12","guid":{"rendered":"https:\/\/creation-as-dialogue.jp\/wp\/?page_id=538"},"modified":"2022-11-08T14:54:20","modified_gmt":"2022-11-08T05:54:20","slug":"about","status":"publish","type":"page","link":"https:\/\/creation-as-dialogue.jp\/fr\/about\/","title":{"rendered":"ABOUT"},"content":{"rendered":"\n<h2 class=\"wp-block-heading\">Creation as DIALOGUE<\/h2>\n\n\n\n<p>\u00ab Creation as DIALOGUE \u00bb (La cr\u00e9ation comme un dialogue) est un projet initi\u00e9 en 2021 par la ville de Nagoya (d\u00e9partement d\u2019Aichi au Japon) et visant \u00e0 favoriser la diffusion de l\u2019artisanat traditionnel japonais au-del\u00e0 des fronti\u00e8res de l\u2019archipel.&nbsp;<\/p>\n\n\n\n<p>L\u2019artisanat traditionnel de la r\u00e9gion de Nagoya symbolise la \u00ab culture artisanale manuelle \u00bb japonaise. Seule la main de l\u2019homme, associ\u00e9e \u00e0 un savoir-faire unique et patiemment acquis, est \u00e0 m\u00eame de donner naissance \u00e0 cette beaut\u00e9, inaccessible \u00e0 la m\u00e9canisation, qui incarne la quintessence de l\u2019\u00e2me et de la culture japonaises.&nbsp;<\/p>\n\n\n\n<p>Pourtant, de nos jours, les artisans d\u00e9positaires de cette \u00ab culture manuelle \u00bb sont confront\u00e9s \u00e0 un march\u00e9 int\u00e9rieur en d\u00e9clin et peinent \u00e0 trouver des successeurs. Leur savoir-faire minutieux, fruit d\u2019un labeur quotidien, n\u2019a malheureusement eu que tr\u00e8s peu d\u2019occasions de rayonner au-del\u00e0 des limites de leur r\u00e9gion.&nbsp;<\/p>\n\n\n\n<p>Ce projet novateur a donc pour objectif de permettre \u00e0 cette culture manuelle d\u2019entamer des \u00e9changes constructifs avec d\u2019autres cultures, en instaurant un dialogue entre cet artisanat embl\u00e9matique du Japon qu\u2019est celui de la r\u00e9gion de Nagoya et la l\u00e9gendaire cr\u00e9ativit\u00e9 europ\u00e9enne. Les cr\u00e9ations n\u00e9es de cette rencontre expriment une chaleur unique, h\u00e9rit\u00e9e de leur confection manuelle, et insufflent un vent d\u2019\u00e9l\u00e9gance dans notre quotidien.&nbsp;<\/p>\n\n\n\n<p>Ce dialogue crois\u00e9 r\u00e9v\u00e8le la beaut\u00e9 inh\u00e9rente \u00e0 chaque culture manuelle, et ouvre parall\u00e8lement \u00e0 de nouvelles valeurs. Coupl\u00e9e \u00e0 un engagement durable, cette ouverture au monde permettra de transmettre aux g\u00e9n\u00e9rations futures des cultures prosp\u00e8res et pleines de vigueur.&nbsp;<\/p>\n\n\n\n<p style=\"font-size:14px\"><strong>Project Team<\/strong><br><strong>Organizer<\/strong><br>Creation as DIALOGUE TEAM, Industrial Planning Office , Industry Department , Economic Affairs Bureau, City of Nagoya<br><br><strong>Creative Director \/ Total Coordinator<\/strong><br>Hiroyuki Murase (CEO\/Creative Director, Suzusan Co., Ltd.)<br><br><strong>Design Advisor<\/strong><br>Kodo Nawa (Former Van Cleef &amp; Arpels jewelry designer)<br>Sawako Furukawa (Former BOTTEGA VENETA Handbag Designer \/ Textile Designer)<br>Daisuke Hirabayashi (Former Herzog &amp; de Meuron Designer \/ Architect \/ Photographer)<br><br><strong>Web Designer \/ Photographer<\/strong><br>STUDIO crossing<br><br><strong>Filmmaker<\/strong><br>Mai Hua<br><br><strong>Local Coordinators<\/strong><br>Ami Nawa<br><br><strong>Project management<\/strong><br>Mitemo Co., Ltd.<\/p>\n","protected":false},"excerpt":{"rendered":"<p>Creation as DIALOGUE \u00ab Creation as DIALOGUE \u00bb (La cr\u00e9ation comme un dialogue) est un projet initi\u00e9 en 2021 par la ville de Nagoya (d\u00e9partement d\u2019Aichi au Japon) et visant \u00e0 favoriser la diffusion de l\u2019artisanat traditionnel japonais au-del\u00e0 des fronti\u00e8res de l\u2019archipel.&nbsp; L\u2019artisanat traditionnel de la r\u00e9gion de Nagoya symbolise la \u00ab culture artisanale manuelle \u00bb japonaise. Seule la main de l\u2019homme, associ\u00e9e \u00e0 un savoir-faire unique et patiemment acquis, est \u00e0 m\u00eame de donner naissance \u00e0 cette beaut\u00e9, inaccessible \u00e0 la m\u00e9canisation, qui incarne la quintessence de l\u2019\u00e2me et de la culture japonaises.&nbsp; Pourtant, de nos jours, les artisans d\u00e9positaires de cette \u00ab culture manuelle \u00bb sont confront\u00e9s [&hellip;]<\/p>\n","protected":false},"author":2,"featured_media":0,"parent":0,"menu_order":3,"comment_status":"closed","ping_status":"closed","template":"","meta":{"_locale":"fr_FR","_original_post":"https:\/\/creation-as-dialogue.jp\/wp\/?page_id=8","footnotes":""},"class_list":["post-538","page","type-page","status-publish","hentry","fr-FR"],"acf":[],"_links":{"self":[{"href":"https:\/\/creation-as-dialogue.jp\/wp-json\/wp\/v2\/pages\/538","targetHints":{"allow":["GET"]}}],"collection":[{"href":"https:\/\/creation-as-dialogue.jp\/wp-json\/wp\/v2\/pages"}],"about":[{"href":"https:\/\/creation-as-dialogue.jp\/wp-json\/wp\/v2\/types\/page"}],"author":[{"embeddable":true,"href":"https:\/\/creation-as-dialogue.jp\/wp-json\/wp\/v2\/users\/2"}],"replies":[{"embeddable":true,"href":"https:\/\/creation-as-dialogue.jp\/wp-json\/wp\/v2\/comments?post=538"}],"version-history":[{"count":7,"href":"https:\/\/creation-as-dialogue.jp\/wp-json\/wp\/v2\/pages\/538\/revisions"}],"predecessor-version":[{"id":804,"href":"https:\/\/creation-as-dialogue.jp\/wp-json\/wp\/v2\/pages\/538\/revisions\/804"}],"wp:attachment":[{"href":"https:\/\/creation-as-dialogue.jp\/wp-json\/wp\/v2\/media?parent=538"}],"curies":[{"name":"wp","href":"https:\/\/api.w.org\/{rel}","templated":true}]}}